{"id":1282,"date":"2025-04-02T07:22:16","date_gmt":"2025-04-02T07:22:16","guid":{"rendered":"http:\/\/offroadfactory.pl\/index.php\/home\/"},"modified":"2025-05-10T11:27:52","modified_gmt":"2025-05-10T11:27:52","slug":"home","status":"publish","type":"page","link":"http:\/\/offroadfactory.pl\/","title":{"rendered":"Home"},"content":{"rendered":"\n<div class=\"wp-block-uagb-container uagb-block-1bae3a6f alignfull uagb-is-root-container\"><div class=\"uagb-container-inner-blocks-wrap\">\n<div class=\"wp-block-uagb-info-box uagb-block-58364634 uagb-infobox__content-wrap  uagb-infobox-icon-above-title uagb-infobox-image-valign-top\"><div class=\"uagb-ifb-content\"><div class=\"uagb-ifb-title-wrap\"><p class=\"uagb-ifb-title-prefix\"> <\/p><h1 class=\"uagb-ifb-title\">OFF-ROAD FACTORY<br> Adrenalina&amp; Fun<\/h1><\/div><p class=\"uagb-ifb-desc\"> <\/p><\/div><\/div>\n<\/div><\/div>\n\n\n\n<div class=\"wp-block-uagb-container uagb-block-70b9047c alignfull uagb-is-root-container\"><div class=\"uagb-container-inner-blocks-wrap\">\n<div class=\"wp-block-uagb-container uagb-block-9b32c386\">\n<div class=\"wp-block-uagb-info-box uagb-block-d15c3a18 uagb-infobox__content-wrap  uagb-infobox-icon-above-title uagb-infobox-image-valign-top\"><div class=\"uagb-ifb-content\"><div class=\"uagb-ifb-title-wrap\"><p class=\"uagb-ifb-title-prefix\">Zapisz si\u0119 na jazd\u0119 samochodem 4&#215;4 w terenie<\/p><h2 class=\"uagb-ifb-title\">OFF-ROAD FACTORY= Adrenalina&amp; Fun<\/h2><\/div><p class=\"uagb-ifb-desc\"><br>Dzielimy si\u0119 swoim do\u015bwiadczeniem i wiedz\u0105. \u0141\u0105czymy dobr\u0105 zabaw\u0119 z nauk\u0105 jazdy samochodem terenowym.<br>&nbsp;<br>Wyr\u00f3\u017cnia nas zaanga\u017cowanie i indywidualne podej\u015bcie do pracy z Naszymi klientami. OFF-ROAD FACTORY oferuje szkolenia nauki jazdy w terenie.<br><br>Organizujemy imprezy okoliczno\u015bciowe i profesjonalne szkolenia dla os\u00f3b fizycznych i firm.<br><br>Chcesz si\u0119 dowidzie\u0107 wi\u0119cej \u2013 &nbsp;zadzwo\u0144 +48 602555131 lub napisz <a style=\"text-decoration: none;\" href=\"mailto:offroadfactory.piotr@gmail.com\">offroadfactory.piotr@gmail.com<\/a>&nbsp;<\/p><\/div><\/div>\n<\/div>\n\n\n\n<div class=\"wp-block-uagb-container uagb-block-62375d4f\">\n<div class=\"wp-block-uagb-image alignleft uagb-block-aee24002 wp-block-uagb-image--layout-default wp-block-uagb-image--effect-static wp-block-uagb-image--align-left\"><figure class=\"wp-block-uagb-image__figure\"><img decoding=\"async\" srcset=\"http:\/\/offroadfactory.pl\/wp-content\/uploads\/2025\/05\/zdjecie1-1024x585.jpg ,http:\/\/offroadfactory.pl\/wp-content\/uploads\/2025\/05\/zdjecie1.jpg 780w, http:\/\/offroadfactory.pl\/wp-content\/uploads\/2025\/05\/zdjecie1.jpg 360w\" sizes=\"auto, (max-width: 480px) 150px\" src=\"http:\/\/offroadfactory.pl\/wp-content\/uploads\/2025\/05\/zdjecie1-1024x585.jpg\" alt=\"\" class=\"uag-image-1829\" width=\"550\" height=\"550\" title=\"zdjecie1\" loading=\"lazy\" role=\"img\"\/><\/figure><\/div>\n<\/div>\n<\/div><\/div>\n\n\n\n<div class=\"wp-block-uagb-container uagb-block-82b9558a alignfull uagb-is-root-container\"><div class=\"uagb-container-inner-blocks-wrap\">\n<div class=\"wp-block-uagb-container uagb-block-3289e744\">\n<div class=\"wp-block-uagb-container uagb-block-f22764dc\">\n<div class=\"wp-block-uagb-image alignleft uagb-block-c18e812a wp-block-uagb-image--layout-default wp-block-uagb-image--effect-static wp-block-uagb-image--align-left\"><figure class=\"wp-block-uagb-image__figure\"><img decoding=\"async\" srcset=\"http:\/\/offroadfactory.pl\/wp-content\/uploads\/2025\/05\/Daleko-od-Szosy-Pazdziernik-12-317b-1024x683.jpg ,http:\/\/offroadfactory.pl\/wp-content\/uploads\/2025\/05\/Daleko-od-Szosy-Pazdziernik-12-317b.jpg 780w, http:\/\/offroadfactory.pl\/wp-content\/uploads\/2025\/05\/Daleko-od-Szosy-Pazdziernik-12-317b.jpg 360w\" sizes=\"auto, (max-width: 480px) 150px\" src=\"http:\/\/offroadfactory.pl\/wp-content\/uploads\/2025\/05\/Daleko-od-Szosy-Pazdziernik-12-317b-1024x683.jpg\" alt=\"\" class=\"uag-image-1818\" width=\"560\" height=\"450\" title=\"Daleko od Szosy [Pa\u017adziernik 12] 317b\" loading=\"lazy\" role=\"img\"\/><\/figure><\/div>\n\n\n\n<div class=\"wp-block-uagb-image alignleft uagb-block-e609f106 wp-block-uagb-image--layout-default wp-block-uagb-image--effect-static wp-block-uagb-image--align-left\"><figure class=\"wp-block-uagb-image__figure\"><img decoding=\"async\" srcset=\"http:\/\/offroadfactory.pl\/wp-content\/uploads\/2025\/05\/Daleko-od-Szosy-Pazdziernik-12-091b-1024x683.jpg ,http:\/\/offroadfactory.pl\/wp-content\/uploads\/2025\/05\/Daleko-od-Szosy-Pazdziernik-12-091b.jpg 780w, http:\/\/offroadfactory.pl\/wp-content\/uploads\/2025\/05\/Daleko-od-Szosy-Pazdziernik-12-091b.jpg 360w\" sizes=\"auto, (max-width: 480px) 150px\" src=\"http:\/\/offroadfactory.pl\/wp-content\/uploads\/2025\/05\/Daleko-od-Szosy-Pazdziernik-12-091b-1024x683.jpg\" alt=\"\" class=\"uag-image-1812\" width=\"400\" height=\"450\" title=\"Daleko od Szosy [Pa\u017adziernik 12] 091b\" loading=\"lazy\" role=\"img\"\/><\/figure><\/div>\n\n\n\n<div class=\"wp-block-uagb-image alignleft uagb-block-481544c3 wp-block-uagb-image--layout-default wp-block-uagb-image--effect-static wp-block-uagb-image--align-left\"><figure class=\"wp-block-uagb-image__figure\"><img decoding=\"async\" srcset=\"http:\/\/offroadfactory.pl\/wp-content\/uploads\/2025\/05\/Daleko-od-Szosy-Pazdziernik-12-208b-1024x683.jpg ,http:\/\/offroadfactory.pl\/wp-content\/uploads\/2025\/05\/Daleko-od-Szosy-Pazdziernik-12-208b.jpg 780w, http:\/\/offroadfactory.pl\/wp-content\/uploads\/2025\/05\/Daleko-od-Szosy-Pazdziernik-12-208b.jpg 360w\" sizes=\"auto, (max-width: 480px) 150px\" src=\"http:\/\/offroadfactory.pl\/wp-content\/uploads\/2025\/05\/Daleko-od-Szosy-Pazdziernik-12-208b-1024x683.jpg\" alt=\"\" class=\"uag-image-1815\" width=\"400\" height=\"450\" title=\"Daleko od Szosy [Pa\u017adziernik 12] 208b\" loading=\"lazy\" role=\"img\"\/><\/figure><\/div>\n<\/div>\n\n\n\n<div class=\"wp-block-uagb-container uagb-block-12fcb0fd\">\n<div class=\"wp-block-uagb-image alignleft uagb-block-c6043456 wp-block-uagb-image--layout-default wp-block-uagb-image--effect-static wp-block-uagb-image--align-left\"><figure class=\"wp-block-uagb-image__figure\"><img decoding=\"async\" srcset=\"http:\/\/offroadfactory.pl\/wp-content\/uploads\/2025\/05\/Daleko-od-Szosy-Pazdziernik-12-162bbb-1024x634.jpg ,http:\/\/offroadfactory.pl\/wp-content\/uploads\/2025\/05\/Daleko-od-Szosy-Pazdziernik-12-162bbb.jpg 780w, http:\/\/offroadfactory.pl\/wp-content\/uploads\/2025\/05\/Daleko-od-Szosy-Pazdziernik-12-162bbb.jpg 360w\" sizes=\"auto, (max-width: 480px) 150px\" src=\"http:\/\/offroadfactory.pl\/wp-content\/uploads\/2025\/05\/Daleko-od-Szosy-Pazdziernik-12-162bbb-1024x634.jpg\" alt=\"\" class=\"uag-image-1813\" width=\"550\" height=\"450\" title=\"Daleko od Szosy [Pa\u017adziernik 12] 162bbb\" loading=\"lazy\" role=\"img\"\/><\/figure><\/div>\n\n\n\n<div class=\"wp-block-uagb-image alignleft uagb-block-daea02b5 wp-block-uagb-image--layout-default wp-block-uagb-image--effect-static wp-block-uagb-image--align-left\"><figure class=\"wp-block-uagb-image__figure\"><img decoding=\"async\" srcset=\"http:\/\/offroadfactory.pl\/wp-content\/uploads\/2025\/05\/Daleko-od-Szosy-Pazdziernik-12-033b-1024x683.jpg ,http:\/\/offroadfactory.pl\/wp-content\/uploads\/2025\/05\/Daleko-od-Szosy-Pazdziernik-12-033b.jpg 780w, http:\/\/offroadfactory.pl\/wp-content\/uploads\/2025\/05\/Daleko-od-Szosy-Pazdziernik-12-033b.jpg 360w\" sizes=\"auto, (max-width: 480px) 150px\" src=\"http:\/\/offroadfactory.pl\/wp-content\/uploads\/2025\/05\/Daleko-od-Szosy-Pazdziernik-12-033b-1024x683.jpg\" alt=\"\" class=\"uag-image-1810\" width=\"550\" height=\"450\" title=\"Daleko od Szosy [Pa\u017adziernik 12] 033b\" loading=\"lazy\" role=\"img\"\/><\/figure><\/div>\n\n\n\n<div class=\"wp-block-uagb-image alignleft uagb-block-1978d08c wp-block-uagb-image--layout-default wp-block-uagb-image--effect-static wp-block-uagb-image--align-left\"><figure class=\"wp-block-uagb-image__figure\"><img decoding=\"async\" srcset=\"http:\/\/offroadfactory.pl\/wp-content\/uploads\/2025\/05\/Daleko-od-Szosy-Pazdziernik-12-306bbb-1024x683.jpg ,http:\/\/offroadfactory.pl\/wp-content\/uploads\/2025\/05\/Daleko-od-Szosy-Pazdziernik-12-306bbb.jpg 780w, http:\/\/offroadfactory.pl\/wp-content\/uploads\/2025\/05\/Daleko-od-Szosy-Pazdziernik-12-306bbb.jpg 360w\" sizes=\"auto, (max-width: 480px) 150px\" src=\"http:\/\/offroadfactory.pl\/wp-content\/uploads\/2025\/05\/Daleko-od-Szosy-Pazdziernik-12-306bbb-1024x683.jpg\" alt=\"\" class=\"uag-image-1817\" width=\"550\" height=\"450\" title=\"Daleko od Szosy [Pa\u017adziernik 12] 306bbb\" loading=\"lazy\" role=\"img\"\/><\/figure><\/div>\n<\/div>\n<\/div>\n<\/div><\/div>\n","protected":false},"excerpt":{"rendered":"","protected":false},"author":2,"featured_media":0,"parent":0,"menu_order":0,"comment_status":"closed","ping_status":"closed","template":"","meta":{"_uag_custom_page_level_css":"","site-sidebar-layout":"no-sidebar","site-content-layout":"","ast-site-content-layout":"normal-width-container","site-content-style":"default","site-sidebar-style":"default","ast-global-header-display":"","ast-banner-title-visibility":"","ast-main-header-display":"","ast-hfb-above-header-display":"","ast-hfb-below-header-display":"","ast-hfb-mobile-header-display":"","site-post-title":"disabled","ast-breadcrumbs-content":"","ast-featured-img":"","footer-sml-layout":"","theme-transparent-header-meta":"enabled","adv-header-id-meta":"","stick-header-meta":"","header-above-stick-meta":"","header-main-stick-meta":"","header-below-stick-meta":"","astra-migrate-meta-layouts":"default","ast-page-background-enabled":"default","ast-page-background-meta":{"desktop":{"background-color":"var(--ast-global-color-4)","background-image":"","background-repeat":"repeat","background-position":"center center","background-size":"auto","background-attachment":"scroll","background-type":"","background-media":"","overlay-type":"","overlay-color":"","overlay-opacity":"","overlay-gradient":""},"tablet":{"background-color":"","background-image":"","background-repeat":"repeat","background-position":"center center","background-size":"auto","background-attachment":"scroll","background-type":"","background-media":"","overlay-type":"","overlay-color":"","overlay-opacity":"","overlay-gradient":""},"mobile":{"background-color":"","background-image":"","background-repeat":"repeat","background-position":"center center","background-size":"auto","background-attachment":"scroll","background-type":"","background-media":"","overlay-type":"","overlay-color":"","overlay-opacity":"","overlay-gradient":""}},"ast-content-background-meta":{"desktop":{"background-color":"var(--ast-global-color-5)","background-image":"","background-repeat":"repeat","background-position":"center center","background-size":"auto","background-attachment":"scroll","background-type":"","background-media":"","overlay-type":"","overlay-color":"","overlay-opacity":"","overlay-gradient":""},"tablet":{"background-color":"var(--ast-global-color-5)","background-image":"","background-repeat":"repeat","background-position":"center center","background-size":"auto","background-attachment":"scroll","background-type":"","background-media":"","overlay-type":"","overlay-color":"","overlay-opacity":"","overlay-gradient":""},"mobile":{"background-color":"var(--ast-global-color-5)","background-image":"","background-repeat":"repeat","background-position":"center center","background-size":"auto","background-attachment":"scroll","background-type":"","background-media":"","overlay-type":"","overlay-color":"","overlay-opacity":"","overlay-gradient":""}},"footnotes":""},"class_list":["post-1282","page","type-page","status-publish","hentry"],"aioseo_notices":[],"uagb_featured_image_src":{"full":false,"thumbnail":false,"medium":false,"medium_large":false,"large":false,"1536x1536":false,"2048x2048":false},"uagb_author_info":{"display_name":"admin","author_link":"http:\/\/offroadfactory.pl\/?author=2"},"uagb_comment_info":0,"uagb_excerpt":null,"_links":{"self":[{"href":"http:\/\/offroadfactory.pl\/index.php?rest_route=\/wp\/v2\/pages\/1282","targetHints":{"allow":["GET"]}}],"collection":[{"href":"http:\/\/offroadfactory.pl\/index.php?rest_route=\/wp\/v2\/pages"}],"about":[{"href":"http:\/\/offroadfactory.pl\/index.php?rest_route=\/wp\/v2\/types\/page"}],"author":[{"embeddable":true,"href":"http:\/\/offroadfactory.pl\/index.php?rest_route=\/wp\/v2\/users\/2"}],"replies":[{"embeddable":true,"href":"http:\/\/offroadfactory.pl\/index.php?rest_route=%2Fwp%2Fv2%2Fcomments&post=1282"}],"version-history":[{"count":24,"href":"http:\/\/offroadfactory.pl\/index.php?rest_route=\/wp\/v2\/pages\/1282\/revisions"}],"predecessor-version":[{"id":1839,"href":"http:\/\/offroadfactory.pl\/index.php?rest_route=\/wp\/v2\/pages\/1282\/revisions\/1839"}],"wp:attachment":[{"href":"http:\/\/offroadfactory.pl\/index.php?rest_route=%2Fwp%2Fv2%2Fmedia&parent=1282"}],"curies":[{"name":"wp","href":"https:\/\/api.w.org\/{rel}","templated":true}]}}